{"id":6,"date":"2016-06-13T12:22:05","date_gmt":"2016-06-13T10:22:05","guid":{"rendered":"http:\/\/lukas-pfisterer.webcrew.ch\/?page_id=6"},"modified":"2025-09-14T12:51:56","modified_gmt":"2025-09-14T10:51:56","slug":"aktuelles","status":"publish","type":"page","link":"https:\/\/www.rainerluescher.ch\/?page_id=6","title":{"rendered":"Person"},"content":{"rendered":"\r\n<div class=\"wp-block-group\">\r\n<div class=\"wp-block-group__inner-container is-layout-flow wp-block-group-is-layout-flow\">\r\n<p>Rainer Friedrich L\u00fcscher<\/p>\r\n<p>geboren am 4. Juli 1969 in Aarau<\/p>\r\n\r\n\r\n\r\n<p>Heimatorte: Seon AG und Aarau<br \/>reformiert<a class=\"envira-gallery-37 envira-gallery-link\" title=\"Rainer L\u00fcscher am 18. Oktober 2020 in den Grossen Rat\" href=\"https:\/\/www.rainerluescher.ch\/wp-content\/uploads\/Rainer-L\u00fcscher-am-18.-Oktober-2020-in-den-Grossen-Rat.jpg\" rel=\"enviragallery37\" data-envira-caption=\"Rainer L\u00fcscher am 18. Oktober 2020 in den Grossen Rat\" data-envira-retina=\"\" data-thumbnail=\"\"><img loading=\"lazy\" decoding=\"async\" id=\"envira-gallery-image-794\" class=\"envira-gallery-image envira-gallery-image-7 alignright\" title=\"Rainer L\u00fcscher am 18. Oktober 2020 in den Grossen Rat\" src=\"https:\/\/www.rainerluescher.ch\/wp-content\/uploads\/Rainer-L\u00fcscher-am-18.-Oktober-2020-in-den-Grossen-Rat-1280x960.jpg\" alt=\"\" width=\"354\" height=\"629\" data-envira-caption=\"Rainer L\u00fcscher am 18. Oktober 2020 in den Grossen Rat\" data-envira-index=\"7\" data-envira-src=\"https:\/\/www.rainerluescher.ch\/wp-content\/uploads\/Rainer-L\u00fcscher-am-18.-Oktober-2020-in-den-Grossen-Rat-576x1024-640x480.jpg\" data-envira-gallery-id=\"37\" data-envira-item-id=\"794\" data-envira-srcset=\"https:\/\/www.rainerluescher.ch\/wp-content\/uploads\/Rainer-L\u00fcscher-am-18.-Oktober-2020-in-den-Grossen-Rat-576x1024-640x480.jpg 400w,https:\/\/www.rainerluescher.ch\/wp-content\/uploads\/Rainer-L\u00fcscher-am-18.-Oktober-2020-in-den-Grossen-Rat-576x1024-640x480.jpg 2x\" \/><\/a><br \/>Kindergarten, Primarschule, Bezirksschule in Aarau<br \/>Berufslehre als Sanit\u00e4rinstallateur<br \/>Berufsmatur technische Abteilung in Lenzburg<br \/>RS als Panzersoldat in Thun (Dienstplicht erf\u00fcllt), Gfr Pz Bat 8<br \/>Zusatzlehre als Sanit\u00e4rzeichner <br \/>Technikerschule TS Fachrichtung Sanit\u00e4r an der BBZ<br \/>Diplom als Techniker TS Fachrichtung Sanit\u00e4r im November 1994<br \/>lebt in einer Partnerschaft in Aarau<\/p>\r\n<p>vom 14. Februar 2011 bis 30. Juni 2022<br \/>Projektleiter bei der Firma <a href=\"http:\/\/www.ch.issworld.com\/\">ISS Facility Services AG<\/a>\u00a0<br \/>in Z\u00fcrich in der Rolle als Bauherrenvertreter,<br \/>PL Bauherr oder GL Projektierende f\u00fcr verschiedene Kunden (UBS AG, Novartis, Swisscom, <br \/>Credit Suisse AG)<\/p>\r\n<p>ab 1. Juli 2022 bis 31. Mai 2024<br \/>Projektleiter Facilities Projects Bau und Geb\u00e4udetechnik bei der Credit Suisse AG\u00a0<\/p>\r\n<p>ab 1. Juni 2024\u00a0<br \/>Bauherrenvertreter \/ Projektleiter f\u00fcr Bauprojekte und geb\u00e4udetechnische Projekte bei der UBS AG\u00a0<\/p>\r\n<\/div>\r\n<\/div>\r\n","protected":false},"excerpt":{"rendered":"<p>Rainer Friedrich L\u00fcscher geboren am 4. Juli 1969 in Aarau Heimatorte: Seon AG und AaraureformiertKindergarten, Primarschule, Bezirksschule in AarauBerufslehre als Sanit\u00e4rinstallateurBerufsmatur technische Abteilung in LenzburgRS als Panzersoldat in Thun (Dienstplicht erf\u00fcllt), Gfr Pz Bat 8Zusatzlehre als Sanit\u00e4rzeichner Technikerschule TS Fachrichtung Sanit\u00e4r an der BBZDiplom als Techniker TS Fachrichtung Sanit\u00e4r im November 1994lebt in einer Partnerschaft <a class=\"more-link\" href=\"https:\/\/www.rainerluescher.ch\/?page_id=6\">Weiterlesen <i class=\"fa fa-chevron-right\"><\/i><\/a><\/p>\n","protected":false},"author":2,"featured_media":793,"parent":0,"menu_order":0,"comment_status":"closed","ping_status":"closed","template":"","meta":{"footnotes":""},"class_list":["post-6","page","type-page","status-publish","has-post-thumbnail","hentry"],"_links":{"self":[{"href":"https:\/\/www.rainerluescher.ch\/index.php?rest_route=\/wp\/v2\/pages\/6","targetHints":{"allow":["GET"]}}],"collection":[{"href":"https:\/\/www.rainerluescher.ch\/index.php?rest_route=\/wp\/v2\/pages"}],"about":[{"href":"https:\/\/www.rainerluescher.ch\/index.php?rest_route=\/wp\/v2\/types\/page"}],"author":[{"embeddable":true,"href":"https:\/\/www.rainerluescher.ch\/index.php?rest_route=\/wp\/v2\/users\/2"}],"replies":[{"embeddable":true,"href":"https:\/\/www.rainerluescher.ch\/index.php?rest_route=%2Fwp%2Fv2%2Fcomments&post=6"}],"version-history":[{"count":52,"href":"https:\/\/www.rainerluescher.ch\/index.php?rest_route=\/wp\/v2\/pages\/6\/revisions"}],"predecessor-version":[{"id":4267,"href":"https:\/\/www.rainerluescher.ch\/index.php?rest_route=\/wp\/v2\/pages\/6\/revisions\/4267"}],"wp:featuredmedia":[{"embeddable":true,"href":"https:\/\/www.rainerluescher.ch\/index.php?rest_route=\/wp\/v2\/media\/793"}],"wp:attachment":[{"href":"https:\/\/www.rainerluescher.ch\/index.php?rest_route=%2Fwp%2Fv2%2Fmedia&parent=6"}],"curies":[{"name":"wp","href":"https:\/\/api.w.org\/{rel}","templated":true}]}}