{"id":3116,"date":"2024-01-08T10:55:13","date_gmt":"2024-01-08T08:55:13","guid":{"rendered":"https:\/\/www.rainerluescher.ch\/?page_id=3116"},"modified":"2024-01-08T10:55:13","modified_gmt":"2024-01-08T08:55:13","slug":"datenschutzerklaerung","status":"publish","type":"page","link":"https:\/\/www.rainerluescher.ch\/?page_id=3116","title":{"rendered":"Datenschutzerkl\u00e4rung"},"content":{"rendered":"<h2 id=\"top\">Datenschutzerkl\u00e4rung<\/h2>\n<p>Mit dieser <strong>Datenschutzerkl\u00e4rung<\/strong> informieren wir, welche Personendaten wir im Zusammenhang mit unseren <strong>Aktivit\u00e4ten und T\u00e4tigkeiten<\/strong> einschliesslich unserer <strong>rainerluescher.ch-Website<\/strong> bearbeiten. Wir informieren insbesondere, wof\u00fcr, wie und wo wir welche Personendaten bearbeiten. Wir informieren ausserdem \u00fcber die Rechte von Personen, deren Daten wir bearbeiten.<\/p>\n<p>F\u00fcr einzelne oder zus\u00e4tzliche Aktivit\u00e4ten und T\u00e4tigkeiten k\u00f6nnen weitere Datenschutzerkl\u00e4rungen sowie sonstige rechtliche Dokumente wie Allgemeine Gesch\u00e4ftsbedingungen (AGB), Nutzungsbedingungen oder Teilnahmebedingungen gelten.<\/p>\n<h3 id=\"kontaktadressen\">1. Kontaktadressen<\/h3>\n<p>Verantwortung f\u00fcr die Bearbeitung von Personendaten:<\/p>\n<p><strong id=\"verantwortlicher\">Rainer L\u00fcscher<\/strong><br \/>\nRainer L\u00fcscher<br \/>\nBuchserstrasse 61<br \/>\n5000 Aarau<\/p>\n<p><a href=\"mailto:r.luescher@bluewin.ch\">r.luescher@bluewin.ch<\/a><\/p>\n<p>Wir weisen darauf hin, wenn es im Einzelfall andere Verantwortliche f\u00fcr die Bearbeitung von Personendaten gibt.<\/p>\n<h3 id=\"begriffe-rechtsgrundlagen\">2. Begriffe und Rechtsgrundlagen<\/h3>\n<h4 id=\"begriffe\">2.1 Begriffe<\/h4>\n<p><strong>Personendaten<\/strong> sind <em>alle<\/em> Angaben, die sich auf eine bestimmte oder bestimmbare nat\u00fcrliche Person beziehen. Eine <strong>betroffene Person<\/strong> ist eine Person, \u00fcber die wir Personendaten bearbeiten.<\/p>\n<p><strong>Bearbeiten<\/strong> umfasst <em>jeden<\/em> Umgang mit Personendaten, <em>unabh\u00e4ngig<\/em> von den angewandten Mitteln und Verfahren, beispielsweise das Abfragen, Abgleichen, Anpassen, Archivieren, Aufbewahren, Auslesen, Bekanntgeben, Beschaffen, Erfassen, Erheben, L\u00f6schen, Offenlegen, Ordnen, Organisieren, Speichern, Ver\u00e4ndern, Verbreiten, Verkn\u00fcpfen, Vernichten und Verwenden von Personendaten.<\/p>\n<h4 id=\"rechtsgrundlagen\">2.2 Rechtsgrundlagen<\/h4>\n<p>Wir bearbeiten Personendaten im Einklang mit dem schweizerischen Datenschutzrecht wie insbesondere dem <a id=\"136489\" href=\"https:\/\/www.fedlex.admin.ch\/eli\/oc\/2022\/491\/de\" target=\"_blank\" rel=\"nofollow noopener noreferrer\">Bundesgesetz \u00fcber den Datenschutz<\/a> (Datenschutzgesetz, DSG) und der <a href=\"https:\/\/www.fedlex.admin.ch\/eli\/oc\/2022\/568\/de\" target=\"_blank\" rel=\"nofollow noopener\">Verordnung \u00fcber den Datenschutz<\/a> (Datenschutzverordnung, DSV).<\/p>\n<h3 id=\"art-umfang-zweck\">3. Art, Umfang und Zweck<\/h3>\n<p>Wir bearbeiten jene Personendaten, die <em>erforderlich<\/em> sind, um unsere Aktivit\u00e4ten und T\u00e4tigkeiten dauerhaft, nutzerfreundlich, sicher und zuverl\u00e4ssig aus\u00fcben zu k\u00f6nnen. Solche Personendaten k\u00f6nnen insbesondere in die Kategorien von Bestandes- und Kontaktdaten, Browser- und Ger\u00e4tedaten, Inhaltsdaten, Meta- bzw. Randdaten und Nutzungsdaten, Standortdaten, Verkaufsdaten sowie Vertrags- und Zahlungsdaten fallen.<\/p>\n<p>Wir bearbeiten Personendaten w\u00e4hrend jener <em>Dauer<\/em>, die f\u00fcr den jeweiligen Zweck bzw. die jeweiligen Zwecke oder gesetzlich erforderlich ist. Personendaten, deren Bearbeitung nicht mehr erforderlich ist, werden anonymisiert oder gel\u00f6scht.<\/p>\n<p>Wir k\u00f6nnen Personendaten <em>durch Dritte<\/em> bearbeiten lassen. Wir k\u00f6nnen Personendaten gemeinsam mit Dritten bearbeiten oder an Dritte \u00fcbermitteln. Bei solchen Dritten handelt es sich insbesondere um spezialisierte Anbieter, deren Leistungen wir in Anspruch nehmen. Wir gew\u00e4hrleisten auch bei solchen Dritten den Datenschutz.<\/p>\n<p>Wir bearbeiten Personendaten <em>grunds\u00e4tzlich<\/em> nur mit Einwilligung der betroffenen Personen. Sofern und soweit die Bearbeitung aus anderen rechtlichen Gr\u00fcnden zul\u00e4ssig ist, k\u00f6nnen wir darauf verzichten, eine Einwilligung einzuholen. Wir k\u00f6nnen Personendaten beispielsweise ohne Einwilligung bearbeiten, um einen Vertrag zu erf\u00fcllen, um rechtlichen Verpflichtungen nachzukommen oder um \u00fcberwiegende Interessen zu wahren.<\/p>\n<p>Wir bearbeiten ausserdem Personendaten, die wir von Dritten erhalten, aus \u00f6ffentlich zug\u00e4nglichen Quellen beschaffen oder bei der Aus\u00fcbung unserer Aktivit\u00e4ten und T\u00e4tigkeiten erheben, sofern und soweit eine solche Bearbeitung aus rechtlichen Gr\u00fcnden zul\u00e4ssig ist.<\/p>\n<h3 id=\"kommunikation\">4. Kommunikation<\/h3>\n<p>Wir bearbeiten Daten, um mit Dritten kommunizieren zu k\u00f6nnen. Wir bearbeiten in diesem Rahmen insbesondere Daten, die eine betroffene Person bei der Kontaktaufnahme \u00fcbermittelt, zum Beispiel per Briefpost oder E-Mail. Wir k\u00f6nnen solche Daten in einem Adressbuch oder mit vergleichbaren Hilfsmitteln speichern.<\/p>\n<p>Dritte, die Daten \u00fcber andere Personen \u00fcbermitteln, sind verpflichtet, den Datenschutz gegen\u00fcber solchen betroffenen Personen zu gew\u00e4hrleisten. Daf\u00fcr muss unter anderem die Richtigkeit der \u00fcbermittelten Personendaten sichergestellt werden.<\/p>\n<h3 id=\"sicherheit\">5. Datensicherheit<\/h3>\n<p>Wir treffen geeignete technische und organisatorische Massnahmen, um eine dem jeweiligen Risiko angemessene Datensicherheit zu gew\u00e4hrleisten. Mit unseren Massnahmen gew\u00e4hrleisten wir insbesondere die Vertraulichkeit, Verf\u00fcgbarkeit, Nachvollziehbarkeit und Integrit\u00e4t der bearbeiteten Personendaten, ohne aber absolute Datensicherheit gew\u00e4hrleisten zu k\u00f6nnen.<\/p>\n<p>Der Zugriff auf unsere Website und unsere sonstige Online-Pr\u00e4senz erfolgt mittels Transportverschl\u00fcsselung (SSL\u00a0\/ TLS, insbesondere mit dem Hypertext Transfer Protocol Secure, abgek\u00fcrzt HTTPS). Die meisten Browser kennzeichnen Transportverschl\u00fcsselung mit einem kleinen Vorh\u00e4ngeschloss in der Adressleiste.<\/p>\n<p>Unsere digitale Kommunikation unterliegt\u00a0\u2013 wie <em>grunds\u00e4tzlich<\/em> jede digitale Kommunikation\u00a0\u2013 der Massen\u00fcberwachung ohne Anlass und Verdacht durch Sicherheitsbeh\u00f6rden in der Schweiz, im \u00fcbrigen Europa, in den Vereinigten Staaten von Amerika\u00a0(USA) und in anderen L\u00e4ndern. Wir k\u00f6nnen keinen direkten Einfluss auf die entsprechende Bearbeitung von Personendaten durch Geheimdienste, Polizeistellen und andere Sicherheitsbeh\u00f6rden nehmen. Wir k\u00f6nnen auch nicht ausschliessen, dass einzelne betroffene Personen gezielt \u00fcberwacht werden.<\/p>\n<h3 id=\"ausland\">6. Personendaten im Ausland<\/h3>\n<p>Wir bearbeiten Personendaten <em>grunds\u00e4tzlich<\/em> in der Schweiz. Wir k\u00f6nnen Personendaten aber auch in andere Staaten bekanntgeben bzw. exportieren, insbesondere um sie dort zu bearbeiten oder bearbeiten zu lassen.<\/p>\n<p>Wir k\u00f6nnen Personendaten in alle <a href=\"https:\/\/de.wikipedia.org\/wiki\/Liste_der_Staaten_der_Erde#Tabelle\" target=\"_blank\" rel=\"nofollow noopener noreferrer\">Staaten und Territorien auf der Erde<\/a> sowie anderswo im <a href=\"https:\/\/www.datenschutzpartner.ch\/2022\/04\/23\/datenschutzerklaerung-daten-export-universum-mond\/\" target=\"_blank\" rel=\"nofollow noopener noreferrer\">Universum<\/a> bekanntgeben, sofern das dortige Recht gem\u00e4ss <a href=\"https:\/\/steigerlegal.ch\/2022\/09\/10\/ndsg-schweiz-staatenliste\/\" target=\"_blank\" rel=\"nofollow noopener noreferrer\">Beschluss des Schweizerischen Bundesrates<\/a> einen angemessenen Datenschutz gew\u00e4hrleistet.<\/p>\n<p>Wir k\u00f6nnen Personendaten in Staaten, deren Recht keinen angemessenen Datenschutz gew\u00e4hrleistet, bekanntgeben, sofern aus anderen Gr\u00fcnden ein geeigneter Datenschutz gew\u00e4hrleistet ist. Ein geeigneter Datenschutz kann beispielsweise durch entsprechende vertragliche Vereinbarungen, auf Grundlage von Standard\u00addatenschutzklauseln oder mit anderen geeigneten Garantien gew\u00e4hrleistet sein. Ausnahmsweise k\u00f6nnen wir Personendaten in Staaten ohne angemessenen oder geeigneten Datenschutz exportieren, wenn daf\u00fcr die besonderen datenschutz\u00adrechtlichen Voraussetzungen erf\u00fcllt sind, beispielsweise die ausdr\u00fcckliche Einwilligung der betroffenen Personen oder ein unmittelbarer Zusammenhang mit dem Abschluss oder der Abwicklung eines Vertrages. Wir geben betroffenen Personen auf Nachfrage gerne Auskunft \u00fcber allf\u00e4llige Garantien oder liefern eine Kopie von Garantien.<\/p>\n<h3 id=\"rechte\">7. Rechte von betroffenen Personen<\/h3>\n<h4 id=\"ansprueche\">7.1 Datenschutzrechtliche Anspr\u00fcche<\/h4>\n<p>Wir gew\u00e4hren betroffenen Personen s\u00e4mtliche Anspr\u00fcche gem\u00e4ss dem anwendbaren Datenschutzrecht. Betroffene Personen verf\u00fcgen insbesondere \u00fcber folgende Rechte:<\/p>\n<ul>\n<li><strong>Auskunft:<\/strong> Betroffene Personen k\u00f6nnen Auskunft verlangen, ob wir Personendaten \u00fcber sie bearbeiten, und falls ja, um welche Personendaten es sich handelt. Betroffene Personen erhalten ferner jene Informationen, die erforderlich sind, um ihre datenschutzrechtlichen Anspr\u00fcche geltend zu machen und Transparenz zu gew\u00e4hrleisten. Dazu z\u00e4hlen die bearbeiteten Personendaten als solche, aber unter anderem auch Angaben zum Bearbeitungszweck, zur Dauer der Aufbewahrung, zu einer allf\u00e4lligen Bekanntgabe bzw. einem allf\u00e4lligen Export von Daten in andere Staaten und zur Herkunft der Personendaten.<\/li>\n<li><strong>Berichtigung und Einschr\u00e4nkung:<\/strong> Betroffene Personen k\u00f6nnen unrichtige Personendaten berichtigen, unvollst\u00e4ndige Daten vervollst\u00e4ndigen und die Bearbeitung ihrer Daten einschr\u00e4nken lassen.<\/li>\n<li><strong>L\u00f6schung und Widerspruch:<\/strong> Betroffene Personen k\u00f6nnen Personendaten l\u00f6schen lassen (\u00abRecht auf Vergessen\u00bb) und der Bearbeitung ihrer Daten mit Wirkung f\u00fcr die Zukunft widersprechen.<\/li>\n<li><strong>Datenherausgabe und Daten\u00fcbertragung:<\/strong> Betroffene Personen k\u00f6nnen die Herausgabe von Personendaten oder die \u00dcbertragung ihrer Daten an einen anderen Verantwortlichen verlangen.<\/li>\n<\/ul>\n<p>Wir k\u00f6nnen die Aus\u00fcbung der Rechte von betroffenen Personen im rechtlich zul\u00e4ssigen Rahmen aufschieben, einschr\u00e4nken oder verweigern. Wir k\u00f6nnen betroffene Personen auf allenfalls zu erf\u00fcllende Voraussetzungen f\u00fcr die Aus\u00fcbung ihrer datenschutzrechtlichen Anspr\u00fcche hinweisen. Wir k\u00f6nnen beispielsweise die Auskunft mit Verweis auf Gesch\u00e4ftsgeheimnisse oder den Schutz anderer Personen ganz oder teilweise verweigern. Wir k\u00f6nnen beispielsweise auch die L\u00f6schung von Personendaten mit Verweis auf gesetzliche Aufbewahrungspflichten ganz oder teilweise verweigern.<\/p>\n<p>Wir k\u00f6nnen f\u00fcr die Aus\u00fcbung der Rechte <em>ausnahmsweise<\/em> Kosten vorsehen. Wir informieren betroffene Personen vorg\u00e4ngig \u00fcber allf\u00e4llige Kosten.<\/p>\n<p>Wir sind verpflichtet, betroffene Personen, die Auskunft verlangen oder andere Rechte geltend machen, mit angemessenen Massnahmen zu identifizieren. Betroffene Personen sind zur Mitwirkung verpflichtet.<\/p>\n<h4 id=\"rechtsschutz\">7.2 Rechtsschutz<\/h4>\n<p>Betroffene Personen haben das Recht, ihre datenschutz\u00adrechtlichen Anspr\u00fcche auf dem Rechtsweg durchzusetzen oder Anzeige bzw. Beschwerde bei einer zust\u00e4ndigen Datenschutz-Aufsichtsbeh\u00f6rde zu erheben.<\/p>\n<p>Datenschutz-Aufsichtsbeh\u00f6rde f\u00fcr Anzeigen von betroffenen Personen gegen private Verantwortliche und Bundesorgane in der Schweiz ist der <a href=\"https:\/\/www.edoeb.admin.ch\/\" target=\"_blank\" rel=\"nofollow noopener noreferrer\">Eidgen\u00f6ssische Datenschutz- und \u00d6ffentlichkeits\u00adbeauftragte<\/a>\u00a0(ED\u00d6B).<\/p>\n<h3 id=\"website\">8. Nutzung der Website<\/h3>\n<h4 id=\"cookies\">8.1 Cookies<\/h4>\n<p>Wir k\u00f6nnen Cookies verwenden. Bei Cookies\u00a0\u2013 eigenen Cookies (First-Party-Cookies) als auch Cookies von Dritten, deren Dienste wir nutzen (Third-Party-Cookies)\u00a0\u2013 handelt es sich um Daten, die im Browser gespeichert werden. Solche gespeicherten Daten m\u00fcssen nicht auf traditionelle Cookies in Textform beschr\u00e4nkt sein.<\/p>\n<p>Cookies k\u00f6nnen im Browser tempor\u00e4r als \u00abSession Cookies\u00bb oder f\u00fcr einen bestimmten Zeitraum als sogenannte permanente Cookies gespeichert werden. \u00abSession Cookies\u00bb werden automatisch gel\u00f6scht, wenn der Browser geschlossen wird. Permanente Cookies haben eine bestimmte Speicherdauer. Cookies erm\u00f6glichen insbesondere, einen Browser beim n\u00e4chsten Besuch unserer Website wiederzuerkennen und dadurch beispielsweise die Reichweite unserer Website zu messen. Permanente Cookies k\u00f6nnen aber beispielsweise auch f\u00fcr Online-Marketing verwendet werden.<\/p>\n<p>Cookies k\u00f6nnen in den Browser-Einstellungen jederzeit ganz oder teilweise deaktiviert sowie gel\u00f6scht werden. Ohne Cookies steht unsere Website allenfalls nicht mehr in vollem Umfang zur Verf\u00fcgung. Wir ersuchen\u00a0\u2013 mindestens sofern und soweit erforderlich\u00a0\u2013 aktiv um die ausdr\u00fcckliche Einwilligung in die Verwendung von Cookies.<\/p>\n<h4 id=\"protokollierung\">8.2 Protokollierung<\/h4>\n<p>Wir k\u00f6nnen f\u00fcr jeden Zugriff auf unsere Website und unsere sonstige Online-Pr\u00e4senz mindestens nachfolgende Angaben protokollieren, sofern diese bei solchen Zugriffen an unsere digitale Infrastruktur \u00fcbermittelt werden: Datum und Zeit einschliesslich Zeitzone, <a href=\"https:\/\/de.wikipedia.org\/wiki\/IP-Adresse\" target=\"_blank\" rel=\"nofollow noopener noreferrer\">IP-Adresse<\/a>, Zugriffsstatus (HTTP-Statuscode), Betriebs\u00adsystem einschliesslich Benutzer\u00adoberfl\u00e4che und Version, Browser einschliesslich Sprache und Version, aufgerufene einzelne Unter-Seite unserer Website einschliesslich \u00fcbertragener Daten\u00admenge, zuletzt im gleichen Browser-Fenster aufgerufene Webseite (Referer bzw. Referrer).<\/p>\n<p>Wir protokollieren solche Angaben, die auch Personendaten darstellen k\u00f6nnen, in Log\u00addateien. Die Angaben sind erforderlich, um unsere Online-Pr\u00e4senz dauerhaft, nutzerfreundlich und zuverl\u00e4ssig bereitstellen zu k\u00f6nnen. Die Angaben sind ferner erforderlich, um die Datensicherheit gew\u00e4hrleisten zu k\u00f6nnen\u00a0\u2013 auch durch Dritte oder mit Hilfe von Dritten.<\/p>\n<h4 id=\"zaehlpixel\">8.3 Z\u00e4hlpixel<\/h4>\n<p>Wir k\u00f6nnen Z\u00e4hlpixel in unsere Online-Pr\u00e4senz einbinden. Z\u00e4hlpixel werden auch als Web-Beacons bezeichnet. Bei Z\u00e4hlpixeln\u00a0\u2013 auch von Dritten, deren Dienste wir nutzen\u00a0\u2013 handelt es sich \u00fcblicherweise um kleine, nicht sichtbare Bilder oder in JavaScript formulierte Skripte, die beim Zugriff auf unsere Online-Pr\u00e4senz automatisch abgerufen werden. Mit Z\u00e4hlpixeln k\u00f6nnen mindestens die gleichen Angaben wie in Log\u00addateien erfasst werden.<\/p>\n<h4 id=\"kommentare\">8.4 Kommentare<\/h4>\n<p>Wir erm\u00f6glichen Ihnen, Kommentare auf unserer Website zu ver\u00f6ffentlichen. In diesem Rahmen bearbeiten wir insbesondere jene Angaben, die eine kommentierende Person selbst an uns \u00fcbermittelt, aber auch die verwendete <a href=\"https:\/\/de.wikipedia.org\/wiki\/IP-Adresse\" target=\"_blank\" rel=\"nofollow noopener noreferrer\">IP-Adresse<\/a> sowie Datum und Zeit. Diese Angaben werden ben\u00f6tigt, um die Ver\u00f6ffentlichung von Kommentaren zu erm\u00f6glichen sowie um den Schutz vor Missbrauch sicherstellen zu k\u00f6nnen, was in unserem \u00fcberwiegenden berechtigten Interesse liegt.<\/p>\n<p>Um Ihnen zu erm\u00f6glichen, Kommentare zu ver\u00f6ffentlichen, verwenden wir insbesondere:<\/p>\n<ul>\n<li><strong><a href=\"https:\/\/de.gravatar.com\/\" target=\"_blank\" rel=\"nofollow noopener noreferrer\">Gravatar (Globally Recognized Avatar):<\/a><\/strong> Dienst f\u00fcr einheitlichen <a href=\"https:\/\/de.wikipedia.org\/wiki\/Avatar_(Internet)\" target=\"_blank\" rel=\"nofollow noopener noreferrer\">Avatar<\/a> auf verschiedenen Websites; Anbieterinnen: Automattic Inc. (USA) \/ Aut O\u2019Mattic A8C Ireland Ltd. (Irland) f\u00fcr Nutzerinnen und Nutzer unter anderem in Europa; Angaben zum Datenschutz: Automatische E-Mail-Adressen-basierte Avatar- bzw. Gravatar-Anzeige, <a href=\"https:\/\/automattic.com\/de\/privacy\/\" target=\"_blank\" rel=\"nofollow noopener noreferrer\">Datenschutzerkl\u00e4rung<\/a>, <a href=\"https:\/\/automattic.com\/cookies\/\" target=\"_blank\" rel=\"nofollow noopener noreferrer\">Cookie-Richtlinie<\/a>.<\/li>\n<\/ul>\n<h3 id=\"social-media\">9. Social Media<\/h3>\n<p>Wir sind auf Social Media-Plattformen und anderen Online-Plattformen pr\u00e4sent, um mit interessierten Personen kommunizieren sowie \u00fcber unsere Aktivit\u00e4ten und T\u00e4tigkeiten informieren zu k\u00f6nnen. Im Zusammenhang mit solchen Plattformen k\u00f6nnen Personendaten auch ausserhalb der Schweiz bearbeitet werden.<\/p>\n<p>Es gelten jeweils auch die Allgemeinen Gesch\u00e4ftsbedingungen (AGB) und Nutzungsbedingungen sowie Datenschutzerkl\u00e4rungen und sonstigen Bestimmungen der einzelnen Betreiber solcher Plattformen. Diese Bestimmungen informieren insbesondere \u00fcber die Rechte von betroffenen Personen direkt gegen\u00fcber der jeweiligen Plattform, wozu beispielsweise das Recht auf Auskunft z\u00e4hlt.<\/p>\n<h3 id=\"dienste\">10. Dienste von Dritten<\/h3>\n<p>Wir nutzen Dienste von spezialisierten Dritten, um unsere Aktivit\u00e4ten und T\u00e4tigkeiten dauerhaft, nutzerfreundlich, sicher und zuverl\u00e4ssig aus\u00fcben zu k\u00f6nnen. Mit solchen Diensten k\u00f6nnen wir unter anderem Funktionen und Inhalte in unsere Website einbetten. Bei einer solchen Einbettung erfassen die genutzten Dienste aus technisch zwingenden Gr\u00fcnden mindestens zeitweilig die <a href=\"https:\/\/de.wikipedia.org\/wiki\/IP-Adresse\" target=\"_blank\" rel=\"nofollow noopener noreferrer\">IP-Adressen<\/a> der Nutzerinnen und Nutzer.<\/p>\n<p>F\u00fcr erforderliche sicherheitsrelevante, statistische und technische Zwecke k\u00f6nnen Dritte, deren Dienste wir nutzen, Daten im Zusammenhang mit unseren Aktivit\u00e4ten und T\u00e4tigkeiten aggregiert, anonymisiert oder pseudonymisiert bearbeiten. Es handelt sich beispielsweise um Leistungs- oder Nutzungsdaten, um den jeweiligen Dienst anbieten zu k\u00f6nnen.<\/p>\n<p>Wir nutzen insbesondere:<\/p>\n<ul>\n<li><strong><a href=\"https:\/\/about.google\/products\/\" target=\"_blank\" rel=\"nofollow noopener noreferrer\">Dienste von Google:<\/a><\/strong> Anbieterinnen: Google\u00a0LLC (USA) \/ Google Ireland Limited (Irland) f\u00fcr Nutzerinnen und Nutzer im Europ\u00e4ischen Wirtschaftsraum (EWR) und in der Schweiz; Allgemeine Angaben zum Datenschutz: <a href=\"https:\/\/safety.google\/intl\/de\/principles\/\" target=\"_blank\" rel=\"nofollow noopener noreferrer\">\u00abGrunds\u00e4tze zu Datenschutz und Sicherheit\u00bb<\/a>, <a href=\"https:\/\/policies.google.com\/privacy?hl=de\" target=\"_blank\" rel=\"nofollow noopener noreferrer\">Datenschutzerkl\u00e4rung<\/a>, <a href=\"https:\/\/privacy.google.com\/intl\/de\/businesses\/compliance\/\" target=\"_blank\" rel=\"nofollow noopener noreferrer\">\u00abGoogle ist der Einhaltung der anwendbaren Datenschutzgesetze verpflichtet\u00bb<\/a>, <a href=\"https:\/\/policies.google.com\/technologies\/product-privacy?hl=de\" target=\"_blank\" rel=\"nofollow noopener noreferrer\">\u00abLeitfaden zum Datenschutz in Google-Produkten\u00bb<\/a>, <a href=\"https:\/\/policies.google.com\/technologies\/partner-sites?hl=de\" target=\"_blank\" rel=\"nofollow noopener noreferrer\">\u00abWie wir Daten von Websites oder Apps verwenden, auf bzw. in denen unsere Dienste genutzt werden\u00bb (Angaben von Google)<\/a>, <a href=\"https:\/\/policies.google.com\/technologies\/cookies?hl=de\" target=\"_blank\" rel=\"nofollow noopener noreferrer\">\u00abVon Google verwendete Cookie-Arten und weitere Technologien\u00bb<\/a>, <a href=\"https:\/\/adssettings.google.com\/\" target=\"_blank\" rel=\"nofollow noopener noreferrer\">\u00abPersonalisierte Werbung\u00bb (Aktivierung \/ Deaktivierung \/ Einstellungen)<\/a>.<\/li>\n<\/ul>\n<h4 id=\"infrastruktur\">10.1 Digitale Infrastruktur<\/h4>\n<p>Wir nutzen Dienste von spezialisierten Dritten, um ben\u00f6tigte digitale Infrastruktur im Zusammenhang mit unseren Aktivit\u00e4ten und T\u00e4tigkeiten in Anspruch nehmen zu k\u00f6nnen. Dazu z\u00e4hlen beispielsweise Hosting- und Speicherdienste von ausgew\u00e4hlten Anbietern.<\/p>\n<p>Wir nutzen insbesondere:<\/p>\n<ul>\n<li><strong><a href=\"https:\/\/www.metanet.ch\/de\" target=\"_blank\" rel=\"nofollow noopener noreferrer\">METANET:<\/a><\/strong> Hosting; Anbieterin: METANET\u00a0AG (Schweiz); Angaben zum Datenschutz: <a href=\"https:\/\/www.metanet.ch\/de\/ueber-metanet\/datenschutzerklaerung\" target=\"_blank\" rel=\"nofollow noopener noreferrer\">Datenschutzerkl\u00e4rung<\/a>, <a href=\"https:\/\/www.metanet.ch\/media\/644\/download\/METANET_TOM_V1.1-2.pdf\" target=\"_blank\" rel=\"nofollow noopener noreferrer\">\u00abTechnisch-organisatorische Massnahmen\u00bb<\/a>.<\/li>\n<\/ul>\n<h4 id=\"medien\">10.2 Digitale Audio- und Video-Inhalte<\/h4>\n<p>Wir nutzen Dienste von spezialisierten Dritten, um das direkte Abspielen von digitalen Audio- und Video-Inhalten wie beispielsweise Musik oder Podcasts zu erm\u00f6glichen.<\/p>\n<p>Wir nutzen insbesondere:<\/p>\n<ul>\n<li><strong><a href=\"https:\/\/vimeo.com\/de\/\" target=\"_blank\" rel=\"nofollow noopener noreferrer\">Vimeo:<\/a><\/strong> Video-Plattform; Anbieterin: Vimeo\u00a0Inc. (USA); Angaben zum Datenschutz: <a href=\"https:\/\/vimeo.com\/privacy\" target=\"_blank\" rel=\"nofollow noopener noreferrer\">Datenschutzerkl\u00e4rung<\/a>, <a href=\"https:\/\/vimeo.com\/de\/features\/video-privacy\" target=\"_blank\" rel=\"nofollow noopener noreferrer\">\u00abPrivates Video-Hosting\u00bb<\/a>.<\/li>\n<li><strong><a href=\"https:\/\/www.youtube.com\/\" target=\"_blank\" rel=\"nofollow noopener noreferrer\">YouTube:<\/a><\/strong> Video-Plattform; Anbieterin: Google; YouTube-spezifische Angaben: <a href=\"https:\/\/support.google.com\/youtube\/topic\/2803240?hl=de\" target=\"_blank\" rel=\"nofollow noopener noreferrer\">\u00abDatenschutz- und Sicherheitscenter\u00bb<\/a>, <a href=\"https:\/\/support.google.com\/youtube\/answer\/9315727?hl=de\" target=\"_blank\" rel=\"nofollow noopener noreferrer\">\u00abMeine Daten auf YouTube\u00bb<\/a>.<\/li>\n<\/ul>\n<h4 id=\"schriftarten\">10.3 Schriftarten<\/h4>\n<p>Wir nutzen Dienste von Dritten, um ausgew\u00e4hlte Schriftarten sowie Icons, Logos und Symbole in unsere Website einbetten zu k\u00f6nnen.<\/p>\n<p>Wir nutzen insbesondere:<\/p>\n<ul>\n<li><strong><a href=\"https:\/\/fontawesome.com\/\" target=\"_blank\" rel=\"nofollow noopener noreferrer\">Font Awesome:<\/a><\/strong> Icons und Logos; Anbieterin: Fonticons Inc. (USA); Angaben zum Datenschutz: <a href=\"https:\/\/fontawesome.com\/privacy\" target=\"_blank\" rel=\"nofollow noopener noreferrer\">Datenschutzerkl\u00e4rung<\/a>.<\/li>\n<li><strong><a href=\"https:\/\/fonts.google.com\" target=\"_blank\" rel=\"nofollow noopener noreferrer\">Google Fonts:<\/a><\/strong> Schriftarten; Anbieterin: Google; Google Fonts-spezifische Angaben: <a href=\"https:\/\/fonts.googleblog.com\/2022\/11\/your-privacy-and-google-fonts.html\" target=\"_blank\" rel=\"nofollow noopener noreferrer\">\u00abIhre Privatsph\u00e4re und Google Fonts\u00bb (\u00abYour Privacy and Google Fonts\u00bb)<\/a>, <a href=\"https:\/\/developers.google.com\/fonts\/faq\/privacy?hl=de\" target=\"_blank\" rel=\"nofollow noopener noreferrer\">\u00abDatenschutz und Datenerfassung\u00bb<\/a>.<\/li>\n<\/ul>\n<h3 id=\"schlussbestimmungen\">11. Schlussbestimmungen<\/h3>\n<p>Wir k\u00f6nnen diese Datenschutzerkl\u00e4rung jederzeit anpassen und erg\u00e4nzen. Wir werden \u00fcber solche Anpassungen und Erg\u00e4nzungen in geeigneter Form informieren, insbesondere durch Ver\u00f6ffentlichung der jeweils aktuellen Datenschutzerkl\u00e4rung auf unserer Website.<\/p>\n","protected":false},"excerpt":{"rendered":"<p>Datenschutzerkl\u00e4rung Mit dieser Datenschutzerkl\u00e4rung informieren wir, welche Personendaten wir im Zusammenhang mit unseren Aktivit\u00e4ten und T\u00e4tigkeiten einschliesslich unserer rainerluescher.ch-Website bearbeiten. Wir informieren insbesondere, wof\u00fcr, wie und wo wir welche Personendaten bearbeiten. Wir informieren ausserdem \u00fcber die Rechte von Personen, deren Daten wir bearbeiten. F\u00fcr einzelne oder zus\u00e4tzliche Aktivit\u00e4ten und T\u00e4tigkeiten k\u00f6nnen weitere Datenschutzerkl\u00e4rungen sowie sonstige <a class=\"more-link\" href=\"https:\/\/www.rainerluescher.ch\/?page_id=3116\">Weiterlesen <i class=\"fa fa-chevron-right\"><\/i><\/a><\/p>\n","protected":false},"author":1,"featured_media":0,"parent":23,"menu_order":0,"comment_status":"closed","ping_status":"closed","template":"","meta":{"footnotes":""},"class_list":["post-3116","page","type-page","status-publish","hentry"],"_links":{"self":[{"href":"https:\/\/www.rainerluescher.ch\/index.php?rest_route=\/wp\/v2\/pages\/3116","targetHints":{"allow":["GET"]}}],"collection":[{"href":"https:\/\/www.rainerluescher.ch\/index.php?rest_route=\/wp\/v2\/pages"}],"about":[{"href":"https:\/\/www.rainerluescher.ch\/index.php?rest_route=\/wp\/v2\/types\/page"}],"author":[{"embeddable":true,"href":"https:\/\/www.rainerluescher.ch\/index.php?rest_route=\/wp\/v2\/users\/1"}],"replies":[{"embeddable":true,"href":"https:\/\/www.rainerluescher.ch\/index.php?rest_route=%2Fwp%2Fv2%2Fcomments&post=3116"}],"version-history":[{"count":1,"href":"https:\/\/www.rainerluescher.ch\/index.php?rest_route=\/wp\/v2\/pages\/3116\/revisions"}],"predecessor-version":[{"id":3117,"href":"https:\/\/www.rainerluescher.ch\/index.php?rest_route=\/wp\/v2\/pages\/3116\/revisions\/3117"}],"up":[{"embeddable":true,"href":"https:\/\/www.rainerluescher.ch\/index.php?rest_route=\/wp\/v2\/pages\/23"}],"wp:attachment":[{"href":"https:\/\/www.rainerluescher.ch\/index.php?rest_route=%2Fwp%2Fv2%2Fmedia&parent=3116"}],"curies":[{"name":"wp","href":"https:\/\/api.w.org\/{rel}","templated":true}]}}