{"id":15,"date":"2016-06-13T12:24:17","date_gmt":"2016-06-13T10:24:17","guid":{"rendered":"http:\/\/lukas-pfisterer.webcrew.ch\/?page_id=15"},"modified":"2025-09-04T21:40:09","modified_gmt":"2025-09-04T19:40:09","slug":"politik","status":"publish","type":"page","link":"https:\/\/www.rainerluescher.ch\/?page_id=15","title":{"rendered":"Politik &#8211; Vereine &#8211; T\u00e4tigkeiten &#8211; Gedanken"},"content":{"rendered":"<p><img loading=\"lazy\" decoding=\"async\" class=\" wp-image-793 alignright\" src=\"https:\/\/www.rainerluescher.ch\/wp-content\/uploads\/Rainer-L\u00fcscher-2-mal-auf-Ihre-Liste-am-18.-Oktober-300x278.jpg\" alt=\"\" width=\"343\" height=\"318\" srcset=\"https:\/\/www.rainerluescher.ch\/wp-content\/uploads\/Rainer-L\u00fcscher-2-mal-auf-Ihre-Liste-am-18.-Oktober-300x278.jpg 300w, https:\/\/www.rainerluescher.ch\/wp-content\/uploads\/Rainer-L\u00fcscher-2-mal-auf-Ihre-Liste-am-18.-Oktober-1024x948.jpg 1024w, https:\/\/www.rainerluescher.ch\/wp-content\/uploads\/Rainer-L\u00fcscher-2-mal-auf-Ihre-Liste-am-18.-Oktober-1536x1422.jpg 1536w, https:\/\/www.rainerluescher.ch\/wp-content\/uploads\/Rainer-L\u00fcscher-2-mal-auf-Ihre-Liste-am-18.-Oktober-2048x1896.jpg 2048w\" sizes=\"auto, (max-width: 343px) 100vw, 343px\" \/><a href=\"http:\/\/www.aarau.ch\/xml_1\/internet\/de\/application\/d88\/d2942\/d132\/f2736.cfm\" target=\"_blank\" rel=\"noopener noreferrer\">Einwohnerrat der Stadt Aarau<\/a>, seit Januar 2008<br \/>\nehemaliges Mitglied der Finanz- und Gesch\u00e4ftspr\u00fcfungskommission des Einwohnerrates der Stadt Aarau<br \/>\n(2014 &#8211; 2021), Pr\u00e4sident f\u00fcr die Jahre 2020 &#8211; 2021<br \/>\nehemaliger Revisor der <a href=\"http:\/\/www.ksbr.ch\/\" target=\"_blank\" rel=\"noopener noreferrer\">Kreisschule Buchs-Rohr<\/a><br \/>\nehemaliger Revisor des Abwasserverbandes Aarau und Umgebung <a href=\"http:\/\/www.avau.ch\">AVAU<\/a><br \/>\nEidg. Delegierter der FDP.Die Liberalen Aargau f\u00fcr den Bezirk Aarau<br \/>\nehemaliger Pr\u00e4sident der Ortspartei FDP.Die Liberalen Aarau von Januar 2012 bis Januar 2017<\/p>\n<div style=\"text-align: left;\">Autor und Lektor f\u00fcr Lehrabschlusspr\u00fcfungsaufgaben f\u00fcr die ganze Schweiz beim<br \/>\nSchweizerisch Liechtensteinischen Geb\u00e4udetechnikverband\u00a0<a href=\"https:\/\/www.suissetec.ch\/\" target=\"_blank\" rel=\"noopener noreferrer\">&#8222;suissetec&#8220;<\/a><\/div>\n<div style=\"text-align: left;\">Pr\u00fcfungsexperte bei den Lehrabschlusspr\u00fcfungen im Rahmen der QV bei den<br \/>\nSanit\u00e4rinstallateuren im Kanton Aargau<br \/>\nMitglied <a href=\"http:\/\/www.forumvera.info\/de\/home\" target=\"_blank\" rel=\"noopener noreferrer\">&#8222;forumvera&#8220;<\/a> Bern (Verantwortung f\u00fcr die Entsorgung radioaktiver Abf\u00e4lle)<br \/>\nehemaliges Mitglied der Regionalkonferenz Plattform Jura S\u00fcdfuss<br \/>\n(Bundesamt f\u00fcr Energie, Delegierter Forum VERA)<br \/>\nehemaliges Vorstandsmitglied der Leitungsgruppe Forum VERA Aargau \/ Solothurn<br \/>\nLIONS Clubs International &#8211; Mitglied des <a href=\"https:\/\/aarau.lionsclub.ch\/\" target=\"_blank\" rel=\"noopener noreferrer\">LIONS Club&#8217;s Aarau<\/a> &#8211;\u00a0 Pr\u00e4sident\u00a01.7.2016 &#8211; 30.6.2017<br \/>\nPr\u00e4sident <a href=\"http:\/\/www.nhg.ch\/de\" target=\"_blank\" rel=\"noopener noreferrer\">&#8222;Neue Helvetische Gesellschaft Schweiz&#8220;<\/a>\u00a0 und Vorstandsmitglied der NHG Gruppe Aargau<br \/>\nMitglied <a href=\"http:\/\/www.heinrichzschokke.ch\/\" target=\"_blank\" rel=\"noopener noreferrer\">&#8222;Heinrich-Zschokke-Gesellschaft&#8220;<\/a><br \/>\nMitglied FDP.Die Liberalen<\/div>\n<div style=\"text-align: left;\">Pr\u00e4sident der FDP.Die Liberalen Bezirk Aarau<br \/>\nMitglied <a href=\"http:\/\/www.fdp-ag.ch\/forum-aargau\" target=\"_blank\" rel=\"noopener noreferrer\">&#8222;Forum Aargau&#8220;<\/a><br \/>\nMitglied Hauseigent\u00fcmerverband<br \/>\nMitglied <a href=\"http:\/\/kga-aarau.ch\/\" target=\"_blank\" rel=\"noopener noreferrer\">&#8222;Kaufm\u00e4nnische Gesellschaft Aarau&#8220;<\/a><br \/>\n<a href=\"https:\/\/www.aarau.ch\/politik-verwaltung\/ortsbuergergemeinde.html\/231\" target=\"_blank\" rel=\"noopener noreferrer\">Ortsb\u00fcrger von Aarau<\/a><br \/>\nMitglied der Ortsb\u00fcrgerfinanzkommission seit 2022<br \/>\nMitglied <a href=\"http:\/\/www.roggenhausen.ch\/jo\/index.php\/verein\" target=\"_blank\" rel=\"noopener noreferrer\">&#8222;Verein Wildpark Roggenhausen Aarau&#8220;<\/a><\/div>\n<div style=\"text-align: left;\">Mitglied <a href=\"https:\/\/www.zdaarau.ch\/freunde-des-zda\" target=\"_blank\" rel=\"noopener noreferrer\">&#8222;Freunde des Zentrums f\u00fcr Demokratie Aarau&#8220;<\/a><\/div>\n<div style=\"text-align: left;\">Mitglied\u00a0der Sponsorenvereinigung des FCA <a href=\"http:\/\/www.2010er.ch\/\" target=\"_blank\" rel=\"noopener noreferrer\">&#8222;2010er&#8220;<\/a><br \/>\nZentralpr\u00e4sident <a href=\"http:\/\/www.pro-chiropraktik.ch\/index.php\/de\/\" target=\"_blank\" rel=\"noopener noreferrer\">Pro Chiropraktik Schweiz<\/a><br \/>\n(Patientenvereinigung mit 6&#8217;500 Mitgliedern)<\/div>\n<div>Pr\u00e4sident der Rechnungspr\u00fcfungskommission der <a href=\"https:\/\/www.ref-aarau.ch\/home\">Reformierten Kirche Aarau<\/a><\/div>\n<div style=\"text-align: left;\">\n<p>Unser Milizsystem ist einzigartig. Gerne engagiere ich mich<br \/>\nin diesem Sinn und Geist f\u00fcr den Erhalt dieser Errungenschaft.<\/p>\n<p>Freiwilliger Einsatz f\u00fcr den N\u00e4chsten und f\u00fcr die Gemeinschaft<br \/>\nsind von gr\u00f6sster Wichtigkeit f\u00fcr unser Land.<\/p>\n<p>Vereine f\u00f6rdern den Gemeinsinn.<\/p>\n<p>Innovation und Fortschritt durch Gemeinsinn<\/p>\n<p>Das Vereinswesen hat einen immensen Beitrag ans Erfolgsmodell Schweiz geleistet.<br \/>\nEs hat den Gemeinsinn gef\u00f6rdert, es hat zum Fortschritt beigetragen, zur vielschichtigen Sicherheit, zur Gesundheit unserer Gesellschaft.<\/p>\n<pre><\/pre>\n<\/div>\n","protected":false},"excerpt":{"rendered":"<p>Einwohnerrat der Stadt Aarau, seit Januar 2008 ehemaliges Mitglied der Finanz- und Gesch\u00e4ftspr\u00fcfungskommission des Einwohnerrates der Stadt Aarau (2014 &#8211; 2021), Pr\u00e4sident f\u00fcr die Jahre 2020 &#8211; 2021 ehemaliger Revisor der Kreisschule Buchs-Rohr ehemaliger Revisor des Abwasserverbandes Aarau und Umgebung AVAU Eidg. Delegierter der FDP.Die Liberalen Aargau f\u00fcr den Bezirk Aarau ehemaliger Pr\u00e4sident der Ortspartei <a class=\"more-link\" href=\"https:\/\/www.rainerluescher.ch\/?page_id=15\">Weiterlesen <i class=\"fa fa-chevron-right\"><\/i><\/a><\/p>\n","protected":false},"author":1,"featured_media":793,"parent":0,"menu_order":0,"comment_status":"closed","ping_status":"closed","template":"page-fullwidth.php","meta":{"footnotes":""},"class_list":["post-15","page","type-page","status-publish","has-post-thumbnail","hentry"],"_links":{"self":[{"href":"https:\/\/www.rainerluescher.ch\/index.php?rest_route=\/wp\/v2\/pages\/15","targetHints":{"allow":["GET"]}}],"collection":[{"href":"https:\/\/www.rainerluescher.ch\/index.php?rest_route=\/wp\/v2\/pages"}],"about":[{"href":"https:\/\/www.rainerluescher.ch\/index.php?rest_route=\/wp\/v2\/types\/page"}],"author":[{"embeddable":true,"href":"https:\/\/www.rainerluescher.ch\/index.php?rest_route=\/wp\/v2\/users\/1"}],"replies":[{"embeddable":true,"href":"https:\/\/www.rainerluescher.ch\/index.php?rest_route=%2Fwp%2Fv2%2Fcomments&post=15"}],"version-history":[{"count":57,"href":"https:\/\/www.rainerluescher.ch\/index.php?rest_route=\/wp\/v2\/pages\/15\/revisions"}],"predecessor-version":[{"id":4224,"href":"https:\/\/www.rainerluescher.ch\/index.php?rest_route=\/wp\/v2\/pages\/15\/revisions\/4224"}],"wp:featuredmedia":[{"embeddable":true,"href":"https:\/\/www.rainerluescher.ch\/index.php?rest_route=\/wp\/v2\/media\/793"}],"wp:attachment":[{"href":"https:\/\/www.rainerluescher.ch\/index.php?rest_route=%2Fwp%2Fv2%2Fmedia&parent=15"}],"curies":[{"name":"wp","href":"https:\/\/api.w.org\/{rel}","templated":true}]}}